{"id":304,"date":"2021-05-03T08:18:13","date_gmt":"2021-05-03T08:18:13","guid":{"rendered":"https:\/\/www.bodyplaza.lu\/de\/?page_id=304"},"modified":"2021-10-22T11:27:16","modified_gmt":"2021-10-22T11:27:16","slug":"reflex","status":"publish","type":"page","link":"https:\/\/www.bodyplaza.lu\/de\/reflex\/","title":{"rendered":"Reflex"},"content":{"rendered":"\t\t<div data-elementor-type=\"wp-page\" data-elementor-id=\"304\" class=\"elementor elementor-304\" data-elementor-post-type=\"page\">\n\t\t\t\t\t\t<section class=\"elementor-section elementor-top-section elementor-element elementor-element-c0f884e elementor-section-height-min-height sf-top elementor-section-boxed elementor-section-height-default elementor-section-items-middle\" data-id=\"c0f884e\" data-element_type=\"section\" data-e-type=\"section\" data-settings=\"{&quot;background_background&quot;:&quot;classic&quot;,&quot;shape_divider_bottom&quot;:&quot;waves&quot;}\">\n\t\t\t\t\t<div class=\"elementor-shape elementor-shape-bottom\" aria-hidden=\"true\" data-negative=\"false\">\n\t\t\t<svg xmlns=\"http:\/\/www.w3.org\/2000\/svg\" viewBox=\"0 0 1000 100\" preserveAspectRatio=\"none\">\n\t<path class=\"elementor-shape-fill\" d=\"M421.9,6.5c22.6-2.5,51.5,0.4,75.5,5.3c23.6,4.9,70.9,23.5,100.5,35.7c75.8,32.2,133.7,44.5,192.6,49.7\n\tc23.6,2.1,48.7,3.5,103.4-2.5c54.7-6,106.2-25.6,106.2-25.6V0H0v30.3c0,0,72,32.6,158.4,30.5c39.2-0.7,92.8-6.7,134-22.4\n\tc21.2-8.1,52.2-18.2,79.7-24.2C399.3,7.9,411.6,7.5,421.9,6.5z\"\/>\n<\/svg>\t\t<\/div>\n\t\t\t\t\t<div class=\"elementor-container elementor-column-gap-default\">\n\t\t\t\t\t<div class=\"elementor-column elementor-col-50 elementor-top-column elementor-element elementor-element-dda4039\" data-id=\"dda4039\" data-element_type=\"column\" data-e-type=\"column\">\n\t\t\t<div class=\"elementor-widget-wrap elementor-element-populated\">\n\t\t\t\t\t\t<div class=\"elementor-element elementor-element-2d16986 elementor-widget elementor-widget-heading\" data-id=\"2d16986\" data-element_type=\"widget\" data-e-type=\"widget\" data-widget_type=\"heading.default\">\n\t\t\t\t<div class=\"elementor-widget-container\">\n\t\t\t\t\t<h1 class=\"elementor-heading-title elementor-size-default\">RefleX<\/h1>\t\t\t\t<\/div>\n\t\t\t\t<\/div>\n\t\t\t\t<div class=\"elementor-element elementor-element-a889d0b elementor-widget elementor-widget-text-editor\" data-id=\"a889d0b\" data-element_type=\"widget\" data-e-type=\"widget\" data-widget_type=\"text-editor.default\">\n\t\t\t\t<div class=\"elementor-widget-container\">\n\t\t\t\t\t\t\t\t\t<b>RefleX ist eine effektive, schmerz- und nebenwirkungsfreie Methode, um die Schwere von Falten zu reduzieren und die lokale Durchblutung zu stimulieren, wo andere Techniken nicht ausreichen.<\/b>\t\t\t\t\t\t\t\t<\/div>\n\t\t\t\t<\/div>\n\t\t\t\t<div class=\"elementor-element elementor-element-da28d1b elementor-mobile-align-center elementor-align-left elementor-widget elementor-widget-button\" data-id=\"da28d1b\" data-element_type=\"widget\" data-e-type=\"widget\" data-widget_type=\"button.default\">\n\t\t\t\t<div class=\"elementor-widget-container\">\n\t\t\t\t\t\t\t\t\t<div class=\"elementor-button-wrapper\">\n\t\t\t\t\t<a class=\"elementor-button elementor-button-link elementor-size-lg\" href=\"https:\/\/www.bodyplaza.lu\/de\/contact\/\">\n\t\t\t\t\t\t<span class=\"elementor-button-content-wrapper\">\n\t\t\t\t\t\t<span class=\"elementor-button-icon\">\n\t\t\t\t<i aria-hidden=\"true\" class=\"fas fa-chevron-right\"><\/i>\t\t\t<\/span>\n\t\t\t\t\t\t\t\t\t<span class=\"elementor-button-text\">Kontaktiere uns<\/span>\n\t\t\t\t\t<\/span>\n\t\t\t\t\t<\/a>\n\t\t\t\t<\/div>\n\t\t\t\t\t\t\t\t<\/div>\n\t\t\t\t<\/div>\n\t\t\t\t\t<\/div>\n\t\t<\/div>\n\t\t\t\t<div class=\"elementor-column elementor-col-50 elementor-top-column elementor-element elementor-element-41d58b3\" data-id=\"41d58b3\" data-element_type=\"column\" data-e-type=\"column\">\n\t\t\t<div class=\"elementor-widget-wrap elementor-element-populated\">\n\t\t\t\t\t\t<div class=\"elementor-element elementor-element-c6594de elementor-widget elementor-widget-image\" data-id=\"c6594de\" data-element_type=\"widget\" data-e-type=\"widget\" data-settings=\"{&quot;motion_fx_motion_fx_scrolling&quot;:&quot;yes&quot;,&quot;motion_fx_translateY_effect&quot;:&quot;yes&quot;,&quot;motion_fx_translateY_speed&quot;:{&quot;unit&quot;:&quot;px&quot;,&quot;size&quot;:&quot;1&quot;,&quot;sizes&quot;:[]},&quot;_animation&quot;:&quot;none&quot;,&quot;motion_fx_translateY_affectedRange&quot;:{&quot;unit&quot;:&quot;%&quot;,&quot;size&quot;:&quot;&quot;,&quot;sizes&quot;:{&quot;start&quot;:0,&quot;end&quot;:100}},&quot;motion_fx_devices&quot;:[&quot;desktop&quot;,&quot;tablet&quot;,&quot;mobile&quot;]}\" data-widget_type=\"image.default\">\n\t\t\t\t<div class=\"elementor-widget-container\">\n\t\t\t\t\t\t\t\t\t\t\t\t\t\t\t<img fetchpriority=\"high\" decoding=\"async\" width=\"800\" height=\"800\" src=\"https:\/\/www.bodyplaza.lu\/de\/wp-content\/uploads\/2021\/05\/whobpe.jpg\" class=\"attachment-full size-full wp-image-415\" alt=\"\" srcset=\"https:\/\/www.bodyplaza.lu\/de\/wp-content\/uploads\/2021\/05\/whobpe.jpg 800w, https:\/\/www.bodyplaza.lu\/de\/wp-content\/uploads\/2021\/05\/whobpe-300x300.jpg 300w, https:\/\/www.bodyplaza.lu\/de\/wp-content\/uploads\/2021\/05\/whobpe-150x150.jpg 150w, https:\/\/www.bodyplaza.lu\/de\/wp-content\/uploads\/2021\/05\/whobpe-768x768.jpg 768w\" sizes=\"(max-width: 800px) 100vw, 800px\" \/>\t\t\t\t\t\t\t\t\t\t\t\t\t\t\t<\/div>\n\t\t\t\t<\/div>\n\t\t\t\t\t<\/div>\n\t\t<\/div>\n\t\t\t\t\t<\/div>\n\t\t<\/section>\n\t\t\t\t<section class=\"elementor-section elementor-top-section elementor-element elementor-element-6d74356 elementor-section-boxed elementor-section-height-default elementor-section-height-default\" data-id=\"6d74356\" data-element_type=\"section\" data-e-type=\"section\">\n\t\t\t\t\t\t<div class=\"elementor-container elementor-column-gap-default\">\n\t\t\t\t\t<div class=\"elementor-column elementor-col-50 elementor-top-column elementor-element elementor-element-8021d77\" data-id=\"8021d77\" data-element_type=\"column\" data-e-type=\"column\">\n\t\t\t<div class=\"elementor-widget-wrap elementor-element-populated\">\n\t\t\t\t\t\t<div class=\"elementor-element elementor-element-c6856e5 elementor-widget elementor-widget-text-editor\" data-id=\"c6856e5\" data-element_type=\"widget\" data-e-type=\"widget\" data-widget_type=\"text-editor.default\">\n\t\t\t\t<div class=\"elementor-widget-container\">\n\t\t\t\t\t\t\t\t\t<p><strong>Wie funktioniert RefleX?<\/strong><\/p><p>Wir trainieren und stimulieren mehr als drei\u00dfig Gesichtsmuskeln in nur einer Minute. Wie die K\u00f6rpermuskulatur brauchen auch die Gesichtsmuskeln, wenn sie einmal trainiert sind, eine Ruhezeit von 24 Stunden, um sich zu entspannen und zu regenerieren. RefleX ist effektiv und schmerzlos. Verbessert sichtbar Mimikfalten, bek\u00e4mpft die Schwerkraft, regt die lokale Durchblutung an, ohne die Haut zu reizen.<\/p>\t\t\t\t\t\t\t\t<\/div>\n\t\t\t\t<\/div>\n\t\t\t\t\t<\/div>\n\t\t<\/div>\n\t\t\t\t<div class=\"elementor-column elementor-col-50 elementor-top-column elementor-element elementor-element-a4556dc\" data-id=\"a4556dc\" data-element_type=\"column\" data-e-type=\"column\">\n\t\t\t<div class=\"elementor-widget-wrap elementor-element-populated\">\n\t\t\t\t\t\t<div class=\"elementor-element elementor-element-1254330 elementor-widget elementor-widget-image\" data-id=\"1254330\" data-element_type=\"widget\" data-e-type=\"widget\" data-widget_type=\"image.default\">\n\t\t\t\t<div class=\"elementor-widget-container\">\n\t\t\t\t\t\t\t\t\t\t\t\t\t\t\t<img decoding=\"async\" width=\"341\" height=\"135\" src=\"https:\/\/www.bodyplaza.lu\/de\/wp-content\/uploads\/2021\/03\/reflex.png\" class=\"attachment-large size-large wp-image-110\" alt=\"\" srcset=\"https:\/\/www.bodyplaza.lu\/de\/wp-content\/uploads\/2021\/03\/reflex.png 341w, https:\/\/www.bodyplaza.lu\/de\/wp-content\/uploads\/2021\/03\/reflex-300x119.png 300w\" sizes=\"(max-width: 341px) 100vw, 341px\" \/>\t\t\t\t\t\t\t\t\t\t\t\t\t\t\t<\/div>\n\t\t\t\t<\/div>\n\t\t\t\t<div class=\"elementor-element elementor-element-1f7926f elementor-widget elementor-widget-heading\" data-id=\"1f7926f\" data-element_type=\"widget\" data-e-type=\"widget\" data-widget_type=\"heading.default\">\n\t\t\t\t<div class=\"elementor-widget-container\">\n\t\t\t\t\t<h2 class=\"elementor-heading-title elementor-size-default\">Nur 1 Minute pro Tag, um Falten und Zahnfleischerkrankungen zu bek\u00e4mpfen und zu verhindern.<\/h2>\t\t\t\t<\/div>\n\t\t\t\t<\/div>\n\t\t\t\t\t<\/div>\n\t\t<\/div>\n\t\t\t\t\t<\/div>\n\t\t<\/section>\n\t\t\t\t<section class=\"elementor-section elementor-top-section elementor-element elementor-element-11715c2b elementor-section-boxed elementor-section-height-default elementor-section-height-default\" data-id=\"11715c2b\" data-element_type=\"section\" data-e-type=\"section\" data-settings=\"{&quot;background_background&quot;:&quot;classic&quot;}\">\n\t\t\t\t\t\t<div class=\"elementor-container elementor-column-gap-default\">\n\t\t\t\t\t<div class=\"elementor-column elementor-col-100 elementor-top-column elementor-element elementor-element-2ca60107\" data-id=\"2ca60107\" data-element_type=\"column\" data-e-type=\"column\">\n\t\t\t<div class=\"elementor-widget-wrap elementor-element-populated\">\n\t\t\t\t\t\t<div class=\"elementor-element elementor-element-25e63f2 elementor-widget elementor-widget-text-editor\" data-id=\"25e63f2\" data-element_type=\"widget\" data-e-type=\"widget\" data-widget_type=\"text-editor.default\">\n\t\t\t\t<div class=\"elementor-widget-container\">\n\t\t\t\t\t\t\t\t\t<p>RefleX ist ein praktisches und einfaches Hilfsmittel, das mit leichten und angenehmen Vibrationen die Haut und ihre Durchblutung anregt.<\/p>\t\t\t\t\t\t\t\t<\/div>\n\t\t\t\t<\/div>\n\t\t\t\t\t<\/div>\n\t\t<\/div>\n\t\t\t\t\t<\/div>\n\t\t<\/section>\n\t\t\t\t<section class=\"elementor-section elementor-top-section elementor-element elementor-element-b342c18 elementor-section-boxed elementor-section-height-default elementor-section-height-default\" data-id=\"b342c18\" data-element_type=\"section\" data-e-type=\"section\">\n\t\t\t\t\t\t<div class=\"elementor-container elementor-column-gap-default\">\n\t\t\t\t\t<div class=\"elementor-column elementor-col-100 elementor-top-column elementor-element elementor-element-3be17e3\" data-id=\"3be17e3\" data-element_type=\"column\" data-e-type=\"column\">\n\t\t\t<div class=\"elementor-widget-wrap elementor-element-populated\">\n\t\t\t\t\t\t<div class=\"elementor-element elementor-element-fa407aa elementor-widget elementor-widget-gallery\" data-id=\"fa407aa\" data-element_type=\"widget\" data-e-type=\"widget\" data-settings=\"{&quot;columns&quot;:3,&quot;gap&quot;:{&quot;unit&quot;:&quot;px&quot;,&quot;size&quot;:14,&quot;sizes&quot;:[]},&quot;lazyload&quot;:&quot;yes&quot;,&quot;gallery_layout&quot;:&quot;grid&quot;,&quot;columns_tablet&quot;:2,&quot;columns_mobile&quot;:1,&quot;gap_tablet&quot;:{&quot;unit&quot;:&quot;px&quot;,&quot;size&quot;:10,&quot;sizes&quot;:[]},&quot;gap_mobile&quot;:{&quot;unit&quot;:&quot;px&quot;,&quot;size&quot;:10,&quot;sizes&quot;:[]},&quot;link_to&quot;:&quot;file&quot;,&quot;aspect_ratio&quot;:&quot;3:2&quot;,&quot;overlay_background&quot;:&quot;yes&quot;,&quot;content_hover_animation&quot;:&quot;fade-in&quot;}\" data-widget_type=\"gallery.default\">\n\t\t\t\t<div class=\"elementor-widget-container\">\n\t\t\t\t\t\t\t<div class=\"elementor-gallery__container\">\n\t\t\t\t\t\t\t<a class=\"e-gallery-item elementor-gallery-item elementor-animated-content\" href=\"https:\/\/www.bodyplaza.lu\/de\/wp-content\/uploads\/2021\/05\/4D41162kopie-2.jpg\" data-elementor-open-lightbox=\"yes\" data-elementor-lightbox-slideshow=\"fa407aa\" data-elementor-lightbox-title=\"4D41162kopie-2\" data-e-action-hash=\"#elementor-action%3Aaction%3Dlightbox%26settings%3DeyJpZCI6MTEyOCwidXJsIjoiaHR0cHM6XC9cL3d3dy5ib2R5cGxhemEubHVcL2RlXC93cC1jb250ZW50XC91cGxvYWRzXC8yMDIxXC8wNVwvNEQ0MTE2MmtvcGllLTIuanBnIiwic2xpZGVzaG93IjoiZmE0MDdhYSJ9\">\n\t\t\t\t\t<div class=\"e-gallery-image elementor-gallery-item__image\" data-thumbnail=\"https:\/\/www.bodyplaza.lu\/de\/wp-content\/uploads\/2021\/05\/4D41162kopie-2-300x200.jpg\" data-width=\"300\" data-height=\"200\" aria-label=\"\" role=\"img\" ><\/div>\n\t\t\t\t\t\t\t\t\t\t\t<div class=\"elementor-gallery-item__overlay\"><\/div>\n\t\t\t\t\t\t\t\t\t\t\t\t\t\t<\/a>\n\t\t\t\t\t\t\t<a class=\"e-gallery-item elementor-gallery-item elementor-animated-content\" href=\"https:\/\/www.bodyplaza.lu\/de\/wp-content\/uploads\/2021\/05\/4D41167-bew800-px.jpg\" data-elementor-open-lightbox=\"yes\" data-elementor-lightbox-slideshow=\"fa407aa\" data-elementor-lightbox-title=\"4D41167-bew800-px\" data-e-action-hash=\"#elementor-action%3Aaction%3Dlightbox%26settings%3DeyJpZCI6MTEyOSwidXJsIjoiaHR0cHM6XC9cL3d3dy5ib2R5cGxhemEubHVcL2RlXC93cC1jb250ZW50XC91cGxvYWRzXC8yMDIxXC8wNVwvNEQ0MTE2Ny1iZXc4MDAtcHguanBnIiwic2xpZGVzaG93IjoiZmE0MDdhYSJ9\">\n\t\t\t\t\t<div class=\"e-gallery-image elementor-gallery-item__image\" data-thumbnail=\"https:\/\/www.bodyplaza.lu\/de\/wp-content\/uploads\/2021\/05\/4D41167-bew800-px-300x200.jpg\" data-width=\"300\" data-height=\"200\" aria-label=\"\" role=\"img\" ><\/div>\n\t\t\t\t\t\t\t\t\t\t\t<div class=\"elementor-gallery-item__overlay\"><\/div>\n\t\t\t\t\t\t\t\t\t\t\t\t\t\t<\/a>\n\t\t\t\t\t\t\t<a class=\"e-gallery-item elementor-gallery-item elementor-animated-content\" href=\"https:\/\/www.bodyplaza.lu\/de\/wp-content\/uploads\/2021\/05\/4D41606.jpg\" data-elementor-open-lightbox=\"yes\" data-elementor-lightbox-slideshow=\"fa407aa\" data-elementor-lightbox-title=\"4D41606\" data-e-action-hash=\"#elementor-action%3Aaction%3Dlightbox%26settings%3DeyJpZCI6MTEzMCwidXJsIjoiaHR0cHM6XC9cL3d3dy5ib2R5cGxhemEubHVcL2RlXC93cC1jb250ZW50XC91cGxvYWRzXC8yMDIxXC8wNVwvNEQ0MTYwNi5qcGciLCJzbGlkZXNob3ciOiJmYTQwN2FhIn0%3D\">\n\t\t\t\t\t<div class=\"e-gallery-image elementor-gallery-item__image\" data-thumbnail=\"https:\/\/www.bodyplaza.lu\/de\/wp-content\/uploads\/2021\/05\/4D41606-300x200.jpg\" data-width=\"300\" data-height=\"200\" aria-label=\"\" role=\"img\" ><\/div>\n\t\t\t\t\t\t\t\t\t\t\t<div class=\"elementor-gallery-item__overlay\"><\/div>\n\t\t\t\t\t\t\t\t\t\t\t\t\t\t<\/a>\n\t\t\t\t\t<\/div>\n\t\t\t\t\t<\/div>\n\t\t\t\t<\/div>\n\t\t\t\t\t<\/div>\n\t\t<\/div>\n\t\t\t\t\t<\/div>\n\t\t<\/section>\n\t\t\t\t<section class=\"elementor-section elementor-top-section elementor-element elementor-element-9fdb32e elementor-section-boxed elementor-section-height-default elementor-section-height-default\" data-id=\"9fdb32e\" data-element_type=\"section\" data-e-type=\"section\">\n\t\t\t\t\t\t<div class=\"elementor-container elementor-column-gap-default\">\n\t\t\t\t\t<div class=\"elementor-column elementor-col-50 elementor-top-column elementor-element elementor-element-ad2508b\" data-id=\"ad2508b\" data-element_type=\"column\" data-e-type=\"column\">\n\t\t\t<div class=\"elementor-widget-wrap elementor-element-populated\">\n\t\t\t\t\t\t<div class=\"elementor-element elementor-element-03b6186 elementor-widget elementor-widget-text-editor\" data-id=\"03b6186\" data-element_type=\"widget\" data-e-type=\"widget\" data-widget_type=\"text-editor.default\">\n\t\t\t\t<div class=\"elementor-widget-container\">\n\t\t\t\t\t\t\t\t\t<p><strong>Wie wirken sich mechanische Schwingungen auf Haut und Gewebe aus?<\/strong><\/p><p>In der Medizin werden Schwingungen erfolgreich f\u00fcr verschiedene Behandlungen eingesetzt. Vibrationen trainieren und st\u00e4rken K\u00f6rpergewebe wie Muskeln, Haut, Knochen und Nerven. Die Schwingungsbildung im Gewebe regt die Produktion von Hormonen an, die das Bindegewebe st\u00e4rken und das Fettgewebe aktivieren.<\/p><p>RefleX-Vibrationen stimulieren den Dehnungsreflex jedes einzelnen Muskels und steigern die Keratinproduktion, wodurch die Haut gestrafft wird. Nach der Sitzung gibt es ein leichtes Kribbeln, ein Zeichen f\u00fcr die Aktivierung der Mikrozirkulation, die einen rosigen Teint verleiht.<\/p>\t\t\t\t\t\t\t\t<\/div>\n\t\t\t\t<\/div>\n\t\t\t\t\t<\/div>\n\t\t<\/div>\n\t\t\t\t<div class=\"elementor-column elementor-col-50 elementor-top-column elementor-element elementor-element-414f5bd\" data-id=\"414f5bd\" data-element_type=\"column\" data-e-type=\"column\">\n\t\t\t<div class=\"elementor-widget-wrap elementor-element-populated\">\n\t\t\t\t\t\t<div class=\"elementor-element elementor-element-39851af elementor-widget elementor-widget-text-editor\" data-id=\"39851af\" data-element_type=\"widget\" data-e-type=\"widget\" data-widget_type=\"text-editor.default\">\n\t\t\t\t<div class=\"elementor-widget-container\">\n\t\t\t\t\t\t\t\t\t<p><strong>Wie wird der Alterungsprozess reduziert?<br \/><\/strong><\/p><p>Die Zeit l\u00e4sst sich nicht anhalten, obwohl manche Werbung uns glauben machen will. Manche Menschen haben auch im Alter eine straffe Haut, andere wirken \u00e4lter als ihr chronologisches Alter.<\/p><p>Vieles h\u00e4ngt von genetischen Faktoren ab, aber es zeigt sich, dass wir mit einem gesunden Lebensstil, gesunder Ern\u00e4hrung und straffen Muskeln das Altern und eine jugendliche Haut positiv beeinflussen k\u00f6nnen. Dank RefleX k\u00f6nnen wir viel tun, um unsere Haut m\u00f6glichst lange jung und straff zu halten.<\/p>\t\t\t\t\t\t\t\t<\/div>\n\t\t\t\t<\/div>\n\t\t\t\t\t<\/div>\n\t\t<\/div>\n\t\t\t\t\t<\/div>\n\t\t<\/section>\n\t\t\t\t<\/div>\n\t\t","protected":false},"excerpt":{"rendered":"<p>RefleX RefleX ist eine effektive, schmerz- und nebenwirkungsfreie Methode, um die Schwere von Falten zu reduzieren und die lokale Durchblutung zu stimulieren, wo andere Techniken nicht ausreichen. Kontaktiere uns Wie funktioniert RefleX? Wir trainieren und stimulieren mehr als drei\u00dfig Gesichtsmuskeln in nur einer Minute. Wie die K\u00f6rpermuskulatur brauchen auch die Gesichtsmuskeln, wenn sie einmal trainiert [&hellip;]<\/p>\n","protected":false},"author":1,"featured_media":0,"parent":0,"menu_order":0,"comment_status":"closed","ping_status":"closed","template":"","meta":{"footnotes":""},"class_list":["post-304","page","type-page","status-publish","hentry"],"_links":{"self":[{"href":"https:\/\/www.bodyplaza.lu\/de\/wp-json\/wp\/v2\/pages\/304","targetHints":{"allow":["GET"]}}],"collection":[{"href":"https:\/\/www.bodyplaza.lu\/de\/wp-json\/wp\/v2\/pages"}],"about":[{"href":"https:\/\/www.bodyplaza.lu\/de\/wp-json\/wp\/v2\/types\/page"}],"author":[{"embeddable":true,"href":"https:\/\/www.bodyplaza.lu\/de\/wp-json\/wp\/v2\/users\/1"}],"replies":[{"embeddable":true,"href":"https:\/\/www.bodyplaza.lu\/de\/wp-json\/wp\/v2\/comments?post=304"}],"version-history":[{"count":68,"href":"https:\/\/www.bodyplaza.lu\/de\/wp-json\/wp\/v2\/pages\/304\/revisions"}],"predecessor-version":[{"id":2251,"href":"https:\/\/www.bodyplaza.lu\/de\/wp-json\/wp\/v2\/pages\/304\/revisions\/2251"}],"wp:attachment":[{"href":"https:\/\/www.bodyplaza.lu\/de\/wp-json\/wp\/v2\/media?parent=304"}],"curies":[{"name":"wp","href":"https:\/\/api.w.org\/{rel}","templated":true}]}}