{"id":302,"date":"2021-05-03T08:18:06","date_gmt":"2021-05-03T08:18:06","guid":{"rendered":"https:\/\/www.bodyplaza.lu\/fr\/?page_id=302"},"modified":"2023-04-06T17:11:46","modified_gmt":"2023-04-06T15:11:46","slug":"nano-healthcare","status":"publish","type":"page","link":"https:\/\/www.bodyplaza.lu\/fr\/nano-healthcare\/","title":{"rendered":"Nano Healthcare"},"content":{"rendered":"\t\t<div data-elementor-type=\"wp-page\" data-elementor-id=\"302\" class=\"elementor elementor-302\" data-elementor-post-type=\"page\">\n\t\t\t\t\t\t<section class=\"elementor-section elementor-top-section elementor-element elementor-element-e7bc164 elementor-section-height-min-height sf-top elementor-section-boxed elementor-section-height-default elementor-section-items-middle\" data-id=\"e7bc164\" data-element_type=\"section\" data-e-type=\"section\" data-settings=\"{&quot;background_background&quot;:&quot;classic&quot;,&quot;shape_divider_bottom&quot;:&quot;waves&quot;}\">\n\t\t\t\t\t<div class=\"elementor-shape elementor-shape-bottom\" aria-hidden=\"true\" data-negative=\"false\">\n\t\t\t<svg xmlns=\"http:\/\/www.w3.org\/2000\/svg\" viewBox=\"0 0 1000 100\" preserveAspectRatio=\"none\">\n\t<path class=\"elementor-shape-fill\" d=\"M421.9,6.5c22.6-2.5,51.5,0.4,75.5,5.3c23.6,4.9,70.9,23.5,100.5,35.7c75.8,32.2,133.7,44.5,192.6,49.7\n\tc23.6,2.1,48.7,3.5,103.4-2.5c54.7-6,106.2-25.6,106.2-25.6V0H0v30.3c0,0,72,32.6,158.4,30.5c39.2-0.7,92.8-6.7,134-22.4\n\tc21.2-8.1,52.2-18.2,79.7-24.2C399.3,7.9,411.6,7.5,421.9,6.5z\"\/>\n<\/svg>\t\t<\/div>\n\t\t\t\t\t<div class=\"elementor-container elementor-column-gap-default\">\n\t\t\t\t\t<div class=\"elementor-column elementor-col-50 elementor-top-column elementor-element elementor-element-0b95b0b\" data-id=\"0b95b0b\" data-element_type=\"column\" data-e-type=\"column\">\n\t\t\t<div class=\"elementor-widget-wrap elementor-element-populated\">\n\t\t\t\t\t\t<div class=\"elementor-element elementor-element-019cddd elementor-widget elementor-widget-heading\" data-id=\"019cddd\" data-element_type=\"widget\" data-e-type=\"widget\" data-widget_type=\"heading.default\">\n\t\t\t\t<div class=\"elementor-widget-container\">\n\t\t\t\t\t<h1 class=\"elementor-heading-title elementor-size-default\">Nano Healthcare<\/h1>\t\t\t\t<\/div>\n\t\t\t\t<\/div>\n\t\t\t\t<div class=\"elementor-element elementor-element-59e046a elementor-widget elementor-widget-text-editor\" data-id=\"59e046a\" data-element_type=\"widget\" data-e-type=\"widget\" data-widget_type=\"text-editor.default\">\n\t\t\t\t<div class=\"elementor-widget-container\">\n\t\t\t\t\t\t\t\t\t<strong>La solution<\/strong> pour ralentir l&#8217;horloge du vieillissement et aider au rajeunissement ainsi qu\u2019\u00e0 la r\u00e9cup\u00e9ration de votre structure cellulaire, <strong>de votre tissu cutan\u00e9, ce qui pourrait \u00e9galement avoir un effet positif sur les muscles et les tendons sous-jacents.<\/strong>\t\t\t\t\t\t\t\t<\/div>\n\t\t\t\t<\/div>\n\t\t\t\t<div class=\"elementor-element elementor-element-f340495 elementor-mobile-align-center elementor-align-left elementor-widget elementor-widget-button\" data-id=\"f340495\" data-element_type=\"widget\" data-e-type=\"widget\" data-widget_type=\"button.default\">\n\t\t\t\t<div class=\"elementor-widget-container\">\n\t\t\t\t\t\t\t\t\t<div class=\"elementor-button-wrapper\">\n\t\t\t\t\t<a class=\"elementor-button elementor-button-link elementor-size-lg\" href=\"https:\/\/www.nanohealthcare.fr\" target=\"_blank\">\n\t\t\t\t\t\t<span class=\"elementor-button-content-wrapper\">\n\t\t\t\t\t\t<span class=\"elementor-button-icon\">\n\t\t\t\t<i aria-hidden=\"true\" class=\"fas fa-chevron-right\"><\/i>\t\t\t<\/span>\n\t\t\t\t\t\t\t\t\t<span class=\"elementor-button-text\">Visitez le site<\/span>\n\t\t\t\t\t<\/span>\n\t\t\t\t\t<\/a>\n\t\t\t\t<\/div>\n\t\t\t\t\t\t\t\t<\/div>\n\t\t\t\t<\/div>\n\t\t\t\t\t<\/div>\n\t\t<\/div>\n\t\t\t\t<div class=\"elementor-column elementor-col-50 elementor-top-column elementor-element elementor-element-bb45242\" data-id=\"bb45242\" data-element_type=\"column\" data-e-type=\"column\">\n\t\t\t<div class=\"elementor-widget-wrap elementor-element-populated\">\n\t\t\t\t\t\t<div class=\"elementor-element elementor-element-c0393b1 elementor-widget elementor-widget-image\" data-id=\"c0393b1\" data-element_type=\"widget\" data-e-type=\"widget\" data-settings=\"{&quot;motion_fx_motion_fx_scrolling&quot;:&quot;yes&quot;,&quot;motion_fx_translateY_effect&quot;:&quot;yes&quot;,&quot;motion_fx_translateY_speed&quot;:{&quot;unit&quot;:&quot;px&quot;,&quot;size&quot;:&quot;1&quot;,&quot;sizes&quot;:[]},&quot;_animation&quot;:&quot;none&quot;,&quot;motion_fx_translateY_affectedRange&quot;:{&quot;unit&quot;:&quot;%&quot;,&quot;size&quot;:&quot;&quot;,&quot;sizes&quot;:{&quot;start&quot;:0,&quot;end&quot;:100}},&quot;motion_fx_devices&quot;:[&quot;desktop&quot;,&quot;tablet&quot;,&quot;mobile&quot;]}\" data-widget_type=\"image.default\">\n\t\t\t\t<div class=\"elementor-widget-container\">\n\t\t\t\t\t\t\t\t\t\t\t\t\t\t\t<img fetchpriority=\"high\" decoding=\"async\" width=\"3543\" height=\"3543\" src=\"https:\/\/www.bodyplaza.lu\/fr\/wp-content\/uploads\/2023\/04\/Nano-CellCare-zijkant-min.png\" class=\"attachment-full size-full wp-image-2474\" alt=\"\" srcset=\"https:\/\/www.bodyplaza.lu\/fr\/wp-content\/uploads\/2023\/04\/Nano-CellCare-zijkant-min.png 3543w, https:\/\/www.bodyplaza.lu\/fr\/wp-content\/uploads\/2023\/04\/Nano-CellCare-zijkant-min-300x300.png 300w, https:\/\/www.bodyplaza.lu\/fr\/wp-content\/uploads\/2023\/04\/Nano-CellCare-zijkant-min-1024x1024.png 1024w, https:\/\/www.bodyplaza.lu\/fr\/wp-content\/uploads\/2023\/04\/Nano-CellCare-zijkant-min-150x150.png 150w, https:\/\/www.bodyplaza.lu\/fr\/wp-content\/uploads\/2023\/04\/Nano-CellCare-zijkant-min-768x768.png 768w, https:\/\/www.bodyplaza.lu\/fr\/wp-content\/uploads\/2023\/04\/Nano-CellCare-zijkant-min-1536x1536.png 1536w, https:\/\/www.bodyplaza.lu\/fr\/wp-content\/uploads\/2023\/04\/Nano-CellCare-zijkant-min-2048x2048.png 2048w\" sizes=\"(max-width: 3543px) 100vw, 3543px\" \/>\t\t\t\t\t\t\t\t\t\t\t\t\t\t\t<\/div>\n\t\t\t\t<\/div>\n\t\t\t\t\t<\/div>\n\t\t<\/div>\n\t\t\t\t\t<\/div>\n\t\t<\/section>\n\t\t\t\t<section class=\"elementor-section elementor-top-section elementor-element elementor-element-e12a282 elementor-section-content-middle elementor-section-boxed elementor-section-height-default elementor-section-height-default\" data-id=\"e12a282\" data-element_type=\"section\" data-e-type=\"section\">\n\t\t\t\t\t\t<div class=\"elementor-container elementor-column-gap-default\">\n\t\t\t\t\t<div class=\"elementor-column elementor-col-50 elementor-top-column elementor-element elementor-element-a04cdc9\" data-id=\"a04cdc9\" data-element_type=\"column\" data-e-type=\"column\">\n\t\t\t<div class=\"elementor-widget-wrap elementor-element-populated\">\n\t\t\t\t\t\t<div class=\"elementor-element elementor-element-5988c28 elementor-widget elementor-widget-text-editor\" data-id=\"5988c28\" data-element_type=\"widget\" data-e-type=\"widget\" data-widget_type=\"text-editor.default\">\n\t\t\t\t<div class=\"elementor-widget-container\">\n\t\t\t\t\t\t\t\t\t<p><strong>En r\u00e9duisant les ingr\u00e9dients \u00e0 des nanoparticules de 20 \u00e0 600 Nm<\/strong> (<em>nanom\u00e8tre<\/em>), ils peuvent \u00eatre facilement transport\u00e9s dans les couches profondes de la peau par votre propre corps, agissant comme une &#8220;\u00e9ponge&#8221;, et accept\u00e9s par les cellules comme une mati\u00e8re organique. En offrant les min\u00e9raux et les nutriments importants au niveau cellulaire, le corps ne les rejettera pas.<\/p><p>En r\u00e9duisant les ingr\u00e9dients \u00e0 des nanoparticules de 20 \u00e0 600 Nm (nanom\u00e8tre), ils peuvent \u00eatre facilement transport\u00e9s dans les couches profondes de la peau par votre propre corps, agissant comme une &#8220;\u00e9ponge&#8221;, et accept\u00e9s par les cellules comme une mati\u00e8re organique. En offrant les min\u00e9raux et les nutriments importants au niveau cellulaire, le corps ne les rejettera pas.<\/p><p>Tout ce qui est plus grand que 600 nm, le corps ne peut l&#8217;accepter au niveau cellulaire. \u00c0 titre de comparaison, <strong>1 millilitre d&#8217;acide hyaluronique nanoris\u00e9 pourrait r\u00e9guler 1 litre de liquide corporel.<\/strong> Notez qu&#8217;une personne moyenne a 45 litres de liquide corporel, donc 1 millilitre pourrait d\u00e9j\u00e0 avoir un impact \u00e9norme sur notre corps.<\/p>\t\t\t\t\t\t\t\t<\/div>\n\t\t\t\t<\/div>\n\t\t\t\t\t<\/div>\n\t\t<\/div>\n\t\t\t\t<div class=\"elementor-column elementor-col-50 elementor-top-column elementor-element elementor-element-514a585\" data-id=\"514a585\" data-element_type=\"column\" data-e-type=\"column\">\n\t\t\t<div class=\"elementor-widget-wrap elementor-element-populated\">\n\t\t\t\t\t\t<div class=\"elementor-element elementor-element-5efe931 elementor-widget elementor-widget-image\" data-id=\"5efe931\" data-element_type=\"widget\" data-e-type=\"widget\" data-widget_type=\"image.default\">\n\t\t\t\t<div class=\"elementor-widget-container\">\n\t\t\t\t\t\t\t\t\t\t\t\t\t\t\t<img decoding=\"async\" width=\"341\" height=\"135\" src=\"https:\/\/www.bodyplaza.lu\/fr\/wp-content\/uploads\/2021\/03\/nano.png\" class=\"attachment-large size-large wp-image-109\" alt=\"\" srcset=\"https:\/\/www.bodyplaza.lu\/fr\/wp-content\/uploads\/2021\/03\/nano.png 341w, https:\/\/www.bodyplaza.lu\/fr\/wp-content\/uploads\/2021\/03\/nano-300x119.png 300w\" sizes=\"(max-width: 341px) 100vw, 341px\" \/>\t\t\t\t\t\t\t\t\t\t\t\t\t\t\t<\/div>\n\t\t\t\t<\/div>\n\t\t\t\t<div class=\"elementor-element elementor-element-b905521 elementor-widget elementor-widget-text-editor\" data-id=\"b905521\" data-element_type=\"widget\" data-e-type=\"widget\" data-widget_type=\"text-editor.default\">\n\t\t\t\t<div class=\"elementor-widget-container\">\n\t\t\t\t\t\t\t\t\t<p>La plupart des clients se sentent et paraissent des ann\u00e9es plus jeunes apr\u00e8s une seule cure.<\/p><p><strong>L&#8217;\u00e9quipement Nano CellCare permet de travailler au niveau cellulaire avec une vari\u00e9t\u00e9 de nutriments actifs, laissant loin derri\u00e8re toutes les techniques, cr\u00e8mes et s\u00e9rums existants.<\/strong><\/p>\t\t\t\t\t\t\t\t<\/div>\n\t\t\t\t<\/div>\n\t\t\t\t\t<\/div>\n\t\t<\/div>\n\t\t\t\t\t<\/div>\n\t\t<\/section>\n\t\t\t\t<section class=\"elementor-section elementor-top-section elementor-element elementor-element-235f5db elementor-section-boxed elementor-section-height-default elementor-section-height-default\" data-id=\"235f5db\" data-element_type=\"section\" data-e-type=\"section\" data-settings=\"{&quot;background_background&quot;:&quot;classic&quot;}\">\n\t\t\t\t\t\t<div class=\"elementor-container elementor-column-gap-default\">\n\t\t\t\t\t<div class=\"elementor-column elementor-col-100 elementor-top-column elementor-element elementor-element-9861f03\" data-id=\"9861f03\" data-element_type=\"column\" data-e-type=\"column\">\n\t\t\t<div class=\"elementor-widget-wrap elementor-element-populated\">\n\t\t\t\t\t\t<div class=\"elementor-element elementor-element-04ccdf7 elementor-widget elementor-widget-text-editor\" data-id=\"04ccdf7\" data-element_type=\"widget\" data-e-type=\"widget\" data-widget_type=\"text-editor.default\">\n\t\t\t\t<div class=\"elementor-widget-container\">\n\t\t\t\t\t\t\t\t\tAvec Nano CellCare, il est possible de travailler au niveau des nano-cellules gr\u00e2ce \u00e0 une combinaison efficace de nutriments comme les min\u00e9raux qui alimentent votre peau, vous permettant d&#8217;oublier toutes les techniques existantes comme les cr\u00e8mes et les s\u00e9rums.\n\n<b>Nous travaillons uniquement avec des ingr\u00e9dients naturels, ce qui donne un effet naturel et offre au corps la force de se restaurer.<\/b>\t\t\t\t\t\t\t\t<\/div>\n\t\t\t\t<\/div>\n\t\t\t\t\t<\/div>\n\t\t<\/div>\n\t\t\t\t\t<\/div>\n\t\t<\/section>\n\t\t\t\t<\/div>\n\t\t","protected":false},"excerpt":{"rendered":"<p>Nano Healthcare La solution pour ralentir l&#8217;horloge du vieillissement et aider au rajeunissement ainsi qu\u2019\u00e0 la r\u00e9cup\u00e9ration de votre structure cellulaire, de votre tissu cutan\u00e9, ce qui pourrait \u00e9galement avoir un effet positif sur les muscles et les tendons sous-jacents. Visitez le site En r\u00e9duisant les ingr\u00e9dients \u00e0 des nanoparticules de 20 \u00e0 600 Nm [&hellip;]<\/p>\n","protected":false},"author":1,"featured_media":0,"parent":0,"menu_order":0,"comment_status":"closed","ping_status":"closed","template":"","meta":{"footnotes":""},"class_list":["post-302","page","type-page","status-publish","hentry"],"_links":{"self":[{"href":"https:\/\/www.bodyplaza.lu\/fr\/wp-json\/wp\/v2\/pages\/302","targetHints":{"allow":["GET"]}}],"collection":[{"href":"https:\/\/www.bodyplaza.lu\/fr\/wp-json\/wp\/v2\/pages"}],"about":[{"href":"https:\/\/www.bodyplaza.lu\/fr\/wp-json\/wp\/v2\/types\/page"}],"author":[{"embeddable":true,"href":"https:\/\/www.bodyplaza.lu\/fr\/wp-json\/wp\/v2\/users\/1"}],"replies":[{"embeddable":true,"href":"https:\/\/www.bodyplaza.lu\/fr\/wp-json\/wp\/v2\/comments?post=302"}],"version-history":[{"count":67,"href":"https:\/\/www.bodyplaza.lu\/fr\/wp-json\/wp\/v2\/pages\/302\/revisions"}],"predecessor-version":[{"id":2477,"href":"https:\/\/www.bodyplaza.lu\/fr\/wp-json\/wp\/v2\/pages\/302\/revisions\/2477"}],"wp:attachment":[{"href":"https:\/\/www.bodyplaza.lu\/fr\/wp-json\/wp\/v2\/media?parent=302"}],"curies":[{"name":"wp","href":"https:\/\/api.w.org\/{rel}","templated":true}]}}