{"id":304,"date":"2021-05-03T08:18:13","date_gmt":"2021-05-03T08:18:13","guid":{"rendered":"https:\/\/www.bodyplaza.lu\/fr\/?page_id=304"},"modified":"2021-09-09T13:38:24","modified_gmt":"2021-09-09T13:38:24","slug":"reflex","status":"publish","type":"page","link":"https:\/\/www.bodyplaza.lu\/fr\/reflex\/","title":{"rendered":"Reflex"},"content":{"rendered":"\t\t<div data-elementor-type=\"wp-page\" data-elementor-id=\"304\" class=\"elementor elementor-304\" data-elementor-post-type=\"page\">\n\t\t\t\t\t\t<section class=\"elementor-section elementor-top-section elementor-element elementor-element-c0f884e elementor-section-height-min-height sf-top elementor-section-boxed elementor-section-height-default elementor-section-items-middle\" data-id=\"c0f884e\" data-element_type=\"section\" data-e-type=\"section\" data-settings=\"{&quot;background_background&quot;:&quot;classic&quot;,&quot;shape_divider_bottom&quot;:&quot;waves&quot;}\">\n\t\t\t\t\t<div class=\"elementor-shape elementor-shape-bottom\" aria-hidden=\"true\" data-negative=\"false\">\n\t\t\t<svg xmlns=\"http:\/\/www.w3.org\/2000\/svg\" viewBox=\"0 0 1000 100\" preserveAspectRatio=\"none\">\n\t<path class=\"elementor-shape-fill\" d=\"M421.9,6.5c22.6-2.5,51.5,0.4,75.5,5.3c23.6,4.9,70.9,23.5,100.5,35.7c75.8,32.2,133.7,44.5,192.6,49.7\n\tc23.6,2.1,48.7,3.5,103.4-2.5c54.7-6,106.2-25.6,106.2-25.6V0H0v30.3c0,0,72,32.6,158.4,30.5c39.2-0.7,92.8-6.7,134-22.4\n\tc21.2-8.1,52.2-18.2,79.7-24.2C399.3,7.9,411.6,7.5,421.9,6.5z\"\/>\n<\/svg>\t\t<\/div>\n\t\t\t\t\t<div class=\"elementor-container elementor-column-gap-default\">\n\t\t\t\t\t<div class=\"elementor-column elementor-col-50 elementor-top-column elementor-element elementor-element-dda4039\" data-id=\"dda4039\" data-element_type=\"column\" data-e-type=\"column\">\n\t\t\t<div class=\"elementor-widget-wrap elementor-element-populated\">\n\t\t\t\t\t\t<div class=\"elementor-element elementor-element-2d16986 elementor-widget elementor-widget-heading\" data-id=\"2d16986\" data-element_type=\"widget\" data-e-type=\"widget\" data-widget_type=\"heading.default\">\n\t\t\t\t<div class=\"elementor-widget-container\">\n\t\t\t\t\t<h1 class=\"elementor-heading-title elementor-size-default\">RefleX<\/h1>\t\t\t\t<\/div>\n\t\t\t\t<\/div>\n\t\t\t\t<div class=\"elementor-element elementor-element-a889d0b elementor-widget elementor-widget-text-editor\" data-id=\"a889d0b\" data-element_type=\"widget\" data-e-type=\"widget\" data-widget_type=\"text-editor.default\">\n\t\t\t\t<div class=\"elementor-widget-container\">\n\t\t\t\t\t\t\t\t\t<b>Le RefleX est une m\u00e9thode efficace, sans douleur et sans effet secondaire pour r\u00e9duire la gravit\u00e9 des rides et stimuler la circulation sanguine locale l\u00e0 o\u00f9 les autres techniques ne suffisent pas.<\/b>\t\t\t\t\t\t\t\t<\/div>\n\t\t\t\t<\/div>\n\t\t\t\t<div class=\"elementor-element elementor-element-da28d1b elementor-mobile-align-center elementor-align-left elementor-widget elementor-widget-button\" data-id=\"da28d1b\" data-element_type=\"widget\" data-e-type=\"widget\" data-widget_type=\"button.default\">\n\t\t\t\t<div class=\"elementor-widget-container\">\n\t\t\t\t\t\t\t\t\t<div class=\"elementor-button-wrapper\">\n\t\t\t\t\t<a class=\"elementor-button elementor-button-link elementor-size-lg\" href=\"https:\/\/www.bodyplaza.lu\/fr\/contact\/\">\n\t\t\t\t\t\t<span class=\"elementor-button-content-wrapper\">\n\t\t\t\t\t\t<span class=\"elementor-button-icon\">\n\t\t\t\t<i aria-hidden=\"true\" class=\"fas fa-chevron-right\"><\/i>\t\t\t<\/span>\n\t\t\t\t\t\t\t\t\t<span class=\"elementor-button-text\">Contactez-nous<\/span>\n\t\t\t\t\t<\/span>\n\t\t\t\t\t<\/a>\n\t\t\t\t<\/div>\n\t\t\t\t\t\t\t\t<\/div>\n\t\t\t\t<\/div>\n\t\t\t\t\t<\/div>\n\t\t<\/div>\n\t\t\t\t<div class=\"elementor-column elementor-col-50 elementor-top-column elementor-element elementor-element-41d58b3\" data-id=\"41d58b3\" data-element_type=\"column\" data-e-type=\"column\">\n\t\t\t<div class=\"elementor-widget-wrap elementor-element-populated\">\n\t\t\t\t\t\t<div class=\"elementor-element elementor-element-c6594de elementor-widget elementor-widget-image\" data-id=\"c6594de\" data-element_type=\"widget\" data-e-type=\"widget\" data-settings=\"{&quot;motion_fx_motion_fx_scrolling&quot;:&quot;yes&quot;,&quot;motion_fx_translateY_effect&quot;:&quot;yes&quot;,&quot;motion_fx_translateY_speed&quot;:{&quot;unit&quot;:&quot;px&quot;,&quot;size&quot;:&quot;1&quot;,&quot;sizes&quot;:[]},&quot;_animation&quot;:&quot;none&quot;,&quot;motion_fx_translateY_affectedRange&quot;:{&quot;unit&quot;:&quot;%&quot;,&quot;size&quot;:&quot;&quot;,&quot;sizes&quot;:{&quot;start&quot;:0,&quot;end&quot;:100}},&quot;motion_fx_devices&quot;:[&quot;desktop&quot;,&quot;tablet&quot;,&quot;mobile&quot;]}\" data-widget_type=\"image.default\">\n\t\t\t\t<div class=\"elementor-widget-container\">\n\t\t\t\t\t\t\t\t\t\t\t\t\t\t\t<img fetchpriority=\"high\" decoding=\"async\" width=\"800\" height=\"800\" src=\"https:\/\/www.bodyplaza.lu\/fr\/wp-content\/uploads\/2021\/05\/whobpe.jpg\" class=\"attachment-full size-full wp-image-415\" alt=\"\" srcset=\"https:\/\/www.bodyplaza.lu\/fr\/wp-content\/uploads\/2021\/05\/whobpe.jpg 800w, https:\/\/www.bodyplaza.lu\/fr\/wp-content\/uploads\/2021\/05\/whobpe-300x300.jpg 300w, https:\/\/www.bodyplaza.lu\/fr\/wp-content\/uploads\/2021\/05\/whobpe-150x150.jpg 150w, https:\/\/www.bodyplaza.lu\/fr\/wp-content\/uploads\/2021\/05\/whobpe-768x768.jpg 768w\" sizes=\"(max-width: 800px) 100vw, 800px\" \/>\t\t\t\t\t\t\t\t\t\t\t\t\t\t\t<\/div>\n\t\t\t\t<\/div>\n\t\t\t\t\t<\/div>\n\t\t<\/div>\n\t\t\t\t\t<\/div>\n\t\t<\/section>\n\t\t\t\t<section class=\"elementor-section elementor-top-section elementor-element elementor-element-6d74356 elementor-section-boxed elementor-section-height-default elementor-section-height-default\" data-id=\"6d74356\" data-element_type=\"section\" data-e-type=\"section\">\n\t\t\t\t\t\t<div class=\"elementor-container elementor-column-gap-default\">\n\t\t\t\t\t<div class=\"elementor-column elementor-col-50 elementor-top-column elementor-element elementor-element-8021d77\" data-id=\"8021d77\" data-element_type=\"column\" data-e-type=\"column\">\n\t\t\t<div class=\"elementor-widget-wrap elementor-element-populated\">\n\t\t\t\t\t\t<div class=\"elementor-element elementor-element-c6856e5 elementor-widget elementor-widget-text-editor\" data-id=\"c6856e5\" data-element_type=\"widget\" data-e-type=\"widget\" data-widget_type=\"text-editor.default\">\n\t\t\t\t<div class=\"elementor-widget-container\">\n\t\t\t\t\t\t\t\t\t<p><strong>Comment fonctionne RefleX?<\/strong><\/p><p>Nous entra\u00eenons et stimulons plus de trente muscles du visage en une seule minute. Comme les muscles du corps, m\u00eame ceux du visage, une fois entra\u00een\u00e9s, ont besoin d&#8217;un repos de vingt-quatre heures pour se d\u00e9tendre et se r\u00e9g\u00e9n\u00e9rer.<\/p><p>RefleX est efficace et indolore. Am\u00e9liore visiblement les rides d&#8217;expression, combat la force de gravit\u00e9, stimule la circulation sanguine locale sans irriter la peau.<\/p>\t\t\t\t\t\t\t\t<\/div>\n\t\t\t\t<\/div>\n\t\t\t\t\t<\/div>\n\t\t<\/div>\n\t\t\t\t<div class=\"elementor-column elementor-col-50 elementor-top-column elementor-element elementor-element-a4556dc\" data-id=\"a4556dc\" data-element_type=\"column\" data-e-type=\"column\">\n\t\t\t<div class=\"elementor-widget-wrap elementor-element-populated\">\n\t\t\t\t\t\t<div class=\"elementor-element elementor-element-1254330 elementor-widget elementor-widget-image\" data-id=\"1254330\" data-element_type=\"widget\" data-e-type=\"widget\" data-widget_type=\"image.default\">\n\t\t\t\t<div class=\"elementor-widget-container\">\n\t\t\t\t\t\t\t\t\t\t\t\t\t\t\t<img decoding=\"async\" width=\"341\" height=\"135\" src=\"https:\/\/www.bodyplaza.lu\/fr\/wp-content\/uploads\/2021\/03\/reflex.png\" class=\"attachment-large size-large wp-image-110\" alt=\"\" srcset=\"https:\/\/www.bodyplaza.lu\/fr\/wp-content\/uploads\/2021\/03\/reflex.png 341w, https:\/\/www.bodyplaza.lu\/fr\/wp-content\/uploads\/2021\/03\/reflex-300x119.png 300w\" sizes=\"(max-width: 341px) 100vw, 341px\" \/>\t\t\t\t\t\t\t\t\t\t\t\t\t\t\t<\/div>\n\t\t\t\t<\/div>\n\t\t\t\t<div class=\"elementor-element elementor-element-1f7926f elementor-widget elementor-widget-heading\" data-id=\"1f7926f\" data-element_type=\"widget\" data-e-type=\"widget\" data-widget_type=\"heading.default\">\n\t\t\t\t<div class=\"elementor-widget-container\">\n\t\t\t\t\t<h2 class=\"elementor-heading-title elementor-size-default\">Une seule minute par jour pour combattre et pr\u00e9venir les rides et les maladies des gencives.<\/h2>\t\t\t\t<\/div>\n\t\t\t\t<\/div>\n\t\t\t\t\t<\/div>\n\t\t<\/div>\n\t\t\t\t\t<\/div>\n\t\t<\/section>\n\t\t\t\t<section class=\"elementor-section elementor-top-section elementor-element elementor-element-11715c2b elementor-section-boxed elementor-section-height-default elementor-section-height-default\" data-id=\"11715c2b\" data-element_type=\"section\" data-e-type=\"section\" data-settings=\"{&quot;background_background&quot;:&quot;classic&quot;}\">\n\t\t\t\t\t\t<div class=\"elementor-container elementor-column-gap-default\">\n\t\t\t\t\t<div class=\"elementor-column elementor-col-100 elementor-top-column elementor-element elementor-element-2ca60107\" data-id=\"2ca60107\" data-element_type=\"column\" data-e-type=\"column\">\n\t\t\t<div class=\"elementor-widget-wrap elementor-element-populated\">\n\t\t\t\t\t\t<div class=\"elementor-element elementor-element-25e63f2 elementor-widget elementor-widget-text-editor\" data-id=\"25e63f2\" data-element_type=\"widget\" data-e-type=\"widget\" data-widget_type=\"text-editor.default\">\n\t\t\t\t<div class=\"elementor-widget-container\">\n\t\t\t\t\t\t\t\t\t<p>RefleX est un outil pratique et simple qui stimule la peau et sa circulation sanguine par des vibrations l\u00e9g\u00e8res et agr\u00e9ables.<\/p>\t\t\t\t\t\t\t\t<\/div>\n\t\t\t\t<\/div>\n\t\t\t\t\t<\/div>\n\t\t<\/div>\n\t\t\t\t\t<\/div>\n\t\t<\/section>\n\t\t\t\t<section class=\"elementor-section elementor-top-section elementor-element elementor-element-b342c18 elementor-section-boxed elementor-section-height-default elementor-section-height-default\" data-id=\"b342c18\" data-element_type=\"section\" data-e-type=\"section\">\n\t\t\t\t\t\t<div class=\"elementor-container elementor-column-gap-default\">\n\t\t\t\t\t<div class=\"elementor-column elementor-col-100 elementor-top-column elementor-element elementor-element-3be17e3\" data-id=\"3be17e3\" data-element_type=\"column\" data-e-type=\"column\">\n\t\t\t<div class=\"elementor-widget-wrap elementor-element-populated\">\n\t\t\t\t\t\t<div class=\"elementor-element elementor-element-fa407aa elementor-widget elementor-widget-gallery\" data-id=\"fa407aa\" data-element_type=\"widget\" data-e-type=\"widget\" data-settings=\"{&quot;columns&quot;:3,&quot;gap&quot;:{&quot;unit&quot;:&quot;px&quot;,&quot;size&quot;:14,&quot;sizes&quot;:[]},&quot;lazyload&quot;:&quot;yes&quot;,&quot;gallery_layout&quot;:&quot;grid&quot;,&quot;columns_tablet&quot;:2,&quot;columns_mobile&quot;:1,&quot;gap_tablet&quot;:{&quot;unit&quot;:&quot;px&quot;,&quot;size&quot;:10,&quot;sizes&quot;:[]},&quot;gap_mobile&quot;:{&quot;unit&quot;:&quot;px&quot;,&quot;size&quot;:10,&quot;sizes&quot;:[]},&quot;link_to&quot;:&quot;file&quot;,&quot;aspect_ratio&quot;:&quot;3:2&quot;,&quot;overlay_background&quot;:&quot;yes&quot;,&quot;content_hover_animation&quot;:&quot;fade-in&quot;}\" data-widget_type=\"gallery.default\">\n\t\t\t\t<div class=\"elementor-widget-container\">\n\t\t\t\t\t\t\t<div class=\"elementor-gallery__container\">\n\t\t\t\t\t\t\t<a class=\"e-gallery-item elementor-gallery-item elementor-animated-content\" href=\"https:\/\/www.bodyplaza.lu\/fr\/wp-content\/uploads\/2021\/05\/4D41162kopie-2.jpg\" data-elementor-open-lightbox=\"yes\" data-elementor-lightbox-slideshow=\"fa407aa\" data-elementor-lightbox-title=\"4D41162kopie-2\" data-e-action-hash=\"#elementor-action%3Aaction%3Dlightbox%26settings%3DeyJpZCI6MTEyOCwidXJsIjoiaHR0cHM6XC9cL3d3dy5ib2R5cGxhemEubHVcL2ZyXC93cC1jb250ZW50XC91cGxvYWRzXC8yMDIxXC8wNVwvNEQ0MTE2MmtvcGllLTIuanBnIiwic2xpZGVzaG93IjoiZmE0MDdhYSJ9\">\n\t\t\t\t\t<div class=\"e-gallery-image elementor-gallery-item__image\" data-thumbnail=\"https:\/\/www.bodyplaza.lu\/fr\/wp-content\/uploads\/2021\/05\/4D41162kopie-2-300x200.jpg\" data-width=\"300\" data-height=\"200\" aria-label=\"\" role=\"img\" ><\/div>\n\t\t\t\t\t\t\t\t\t\t\t<div class=\"elementor-gallery-item__overlay\"><\/div>\n\t\t\t\t\t\t\t\t\t\t\t\t\t\t<\/a>\n\t\t\t\t\t\t\t<a class=\"e-gallery-item elementor-gallery-item elementor-animated-content\" href=\"https:\/\/www.bodyplaza.lu\/fr\/wp-content\/uploads\/2021\/05\/4D41167-bew800-px.jpg\" data-elementor-open-lightbox=\"yes\" data-elementor-lightbox-slideshow=\"fa407aa\" data-elementor-lightbox-title=\"4D41167-bew800-px\" data-e-action-hash=\"#elementor-action%3Aaction%3Dlightbox%26settings%3DeyJpZCI6MTEyOSwidXJsIjoiaHR0cHM6XC9cL3d3dy5ib2R5cGxhemEubHVcL2ZyXC93cC1jb250ZW50XC91cGxvYWRzXC8yMDIxXC8wNVwvNEQ0MTE2Ny1iZXc4MDAtcHguanBnIiwic2xpZGVzaG93IjoiZmE0MDdhYSJ9\">\n\t\t\t\t\t<div class=\"e-gallery-image elementor-gallery-item__image\" data-thumbnail=\"https:\/\/www.bodyplaza.lu\/fr\/wp-content\/uploads\/2021\/05\/4D41167-bew800-px-300x200.jpg\" data-width=\"300\" data-height=\"200\" aria-label=\"\" role=\"img\" ><\/div>\n\t\t\t\t\t\t\t\t\t\t\t<div class=\"elementor-gallery-item__overlay\"><\/div>\n\t\t\t\t\t\t\t\t\t\t\t\t\t\t<\/a>\n\t\t\t\t\t\t\t<a class=\"e-gallery-item elementor-gallery-item elementor-animated-content\" href=\"https:\/\/www.bodyplaza.lu\/fr\/wp-content\/uploads\/2021\/05\/4D41606.jpg\" data-elementor-open-lightbox=\"yes\" data-elementor-lightbox-slideshow=\"fa407aa\" data-elementor-lightbox-title=\"4D41606\" data-e-action-hash=\"#elementor-action%3Aaction%3Dlightbox%26settings%3DeyJpZCI6MTEzMCwidXJsIjoiaHR0cHM6XC9cL3d3dy5ib2R5cGxhemEubHVcL2ZyXC93cC1jb250ZW50XC91cGxvYWRzXC8yMDIxXC8wNVwvNEQ0MTYwNi5qcGciLCJzbGlkZXNob3ciOiJmYTQwN2FhIn0%3D\">\n\t\t\t\t\t<div class=\"e-gallery-image elementor-gallery-item__image\" data-thumbnail=\"https:\/\/www.bodyplaza.lu\/fr\/wp-content\/uploads\/2021\/05\/4D41606-300x200.jpg\" data-width=\"300\" data-height=\"200\" aria-label=\"\" role=\"img\" ><\/div>\n\t\t\t\t\t\t\t\t\t\t\t<div class=\"elementor-gallery-item__overlay\"><\/div>\n\t\t\t\t\t\t\t\t\t\t\t\t\t\t<\/a>\n\t\t\t\t\t<\/div>\n\t\t\t\t\t<\/div>\n\t\t\t\t<\/div>\n\t\t\t\t\t<\/div>\n\t\t<\/div>\n\t\t\t\t\t<\/div>\n\t\t<\/section>\n\t\t\t\t<section class=\"elementor-section elementor-top-section elementor-element elementor-element-9fdb32e elementor-section-boxed elementor-section-height-default elementor-section-height-default\" data-id=\"9fdb32e\" data-element_type=\"section\" data-e-type=\"section\">\n\t\t\t\t\t\t<div class=\"elementor-container elementor-column-gap-default\">\n\t\t\t\t\t<div class=\"elementor-column elementor-col-50 elementor-top-column elementor-element elementor-element-ad2508b\" data-id=\"ad2508b\" data-element_type=\"column\" data-e-type=\"column\">\n\t\t\t<div class=\"elementor-widget-wrap elementor-element-populated\">\n\t\t\t\t\t\t<div class=\"elementor-element elementor-element-03b6186 elementor-widget elementor-widget-text-editor\" data-id=\"03b6186\" data-element_type=\"widget\" data-e-type=\"widget\" data-widget_type=\"text-editor.default\">\n\t\t\t\t<div class=\"elementor-widget-container\">\n\t\t\t\t\t\t\t\t\t<p><strong>Comment les vibrations m\u00e9caniques affectent-elles la peau et les tissus?<\/strong><\/p><p>En m\u00e9decine, les vibrations sont utilis\u00e9es de mani\u00e8re performantes pour diff\u00e9rents traitements. Les vibrations entra\u00eenent et renforcent les tissus corporels tels que les muscles, la peau, les os et les nerfs. La formation dans les tissus de vibrations stimule la production d&#8217;hormones qui renforcent le tissu conjonctif et activent le tissu adipeux.<\/p><p>Les vibrations RefleX stimulent le r\u00e9flexe d&#8217;\u00e9tirement de chaque muscle et augmentent la production de k\u00e9ratine, ce qui rend la peau plus ferme. Apr\u00e8s la s\u00e9ance, on ressent un l\u00e9ger picotement, signe de l&#8217;activation de la microcirculation qui donne un teint ros\u00e9.<\/p>\t\t\t\t\t\t\t\t<\/div>\n\t\t\t\t<\/div>\n\t\t\t\t\t<\/div>\n\t\t<\/div>\n\t\t\t\t<div class=\"elementor-column elementor-col-50 elementor-top-column elementor-element elementor-element-414f5bd\" data-id=\"414f5bd\" data-element_type=\"column\" data-e-type=\"column\">\n\t\t\t<div class=\"elementor-widget-wrap elementor-element-populated\">\n\t\t\t\t\t\t<div class=\"elementor-element elementor-element-39851af elementor-widget elementor-widget-text-editor\" data-id=\"39851af\" data-element_type=\"widget\" data-e-type=\"widget\" data-widget_type=\"text-editor.default\">\n\t\t\t\t<div class=\"elementor-widget-container\">\n\t\t\t\t\t\t\t\t\t<p><strong>Comment le processus de vieillissement est-il r\u00e9duit?<\/strong><\/p><p>Le temps ne peut \u00eatre arr\u00eat\u00e9, m\u00eame si certaines publicit\u00e9s veulent nous le faire croire. Certaines personnes ont une peau ferme m\u00eame \u00e0 un \u00e2ge avanc\u00e9, d&#8217;autres semblent plus \u00e2g\u00e9es que leur \u00e2ge.<\/p><p>Beaucoup de choses d\u00e9pendent de facteurs g\u00e9n\u00e9tiques, mais il est d\u00e9montr\u00e9 que nous pouvons influencer positivement le vieillissement et avoir une peau jeune gr\u00e2ce \u00e0 un mode de vie sain, une alimentation saine et des muscles toniques. Nous pouvons faire beaucoup pour garder notre peau jeune et ferme le plus longtemps possible gr\u00e2ce \u00e0 RefleX.<\/p>\t\t\t\t\t\t\t\t<\/div>\n\t\t\t\t<\/div>\n\t\t\t\t\t<\/div>\n\t\t<\/div>\n\t\t\t\t\t<\/div>\n\t\t<\/section>\n\t\t\t\t<\/div>\n\t\t","protected":false},"excerpt":{"rendered":"<p>RefleX Le RefleX est une m\u00e9thode efficace, sans douleur et sans effet secondaire pour r\u00e9duire la gravit\u00e9 des rides et stimuler la circulation sanguine locale l\u00e0 o\u00f9 les autres techniques ne suffisent pas. Contactez-nous Comment fonctionne RefleX? Nous entra\u00eenons et stimulons plus de trente muscles du visage en une seule minute. Comme les muscles du [&hellip;]<\/p>\n","protected":false},"author":1,"featured_media":0,"parent":0,"menu_order":0,"comment_status":"closed","ping_status":"closed","template":"","meta":{"footnotes":""},"class_list":["post-304","page","type-page","status-publish","hentry"],"_links":{"self":[{"href":"https:\/\/www.bodyplaza.lu\/fr\/wp-json\/wp\/v2\/pages\/304","targetHints":{"allow":["GET"]}}],"collection":[{"href":"https:\/\/www.bodyplaza.lu\/fr\/wp-json\/wp\/v2\/pages"}],"about":[{"href":"https:\/\/www.bodyplaza.lu\/fr\/wp-json\/wp\/v2\/types\/page"}],"author":[{"embeddable":true,"href":"https:\/\/www.bodyplaza.lu\/fr\/wp-json\/wp\/v2\/users\/1"}],"replies":[{"embeddable":true,"href":"https:\/\/www.bodyplaza.lu\/fr\/wp-json\/wp\/v2\/comments?post=304"}],"version-history":[{"count":65,"href":"https:\/\/www.bodyplaza.lu\/fr\/wp-json\/wp\/v2\/pages\/304\/revisions"}],"predecessor-version":[{"id":2193,"href":"https:\/\/www.bodyplaza.lu\/fr\/wp-json\/wp\/v2\/pages\/304\/revisions\/2193"}],"wp:attachment":[{"href":"https:\/\/www.bodyplaza.lu\/fr\/wp-json\/wp\/v2\/media?parent=304"}],"curies":[{"name":"wp","href":"https:\/\/api.w.org\/{rel}","templated":true}]}}